{"id":3202,"date":"2021-06-09T11:00:19","date_gmt":"2021-06-09T11:00:19","guid":{"rendered":"https:\/\/parbuckle.it\/?page_id=3202"},"modified":"2022-03-05T09:57:13","modified_gmt":"2022-03-05T09:57:13","slug":"cookie-policy","status":"publish","type":"page","link":"https:\/\/parbuckle.it\/it\/cookie-policy\/","title":{"rendered":"Cookie Policy"},"content":{"rendered":"<section id=\"bt_bb_section69dfe3065fd98\" class=\"bt_bb_section bt_bb_layout_boxed_1200 bt_bb_vertical_align_top bt_bb_top_spacing_large bt_bb_section_show_left_boxed_content\"  data-bt-override-class=\"null\"><div class=\"bt_bb_port\"><div class=\"bt_bb_cell\"><div class=\"bt_bb_cell_inner\"><div class=\"bt_bb_row_wrapper\"><div  class=\"bt_bb_row\"  data-bt-override-class=\"{}\"><div  class=\"bt_bb_column col-xl-12 col-xs-12 col-sm-12 col-md-12 col-lg-12 bt_bb_align_left bt_bb_vertical_align_middle bt_bb_animation_fade_in animate bt_bb_padding_double bt_bb_animation_fade_in animate\"  data-width=\"12\" data-bt-override-class=\"{}\"><div class=\"bt_bb_column_content\"><div class=\"bt_bb_floating_element bt_bb_floating_element_horizontal_position_left bt_bb_floating_element_vertical_position_top bt_bb_floating_element_animation_delay_default bt_bb_floating_element_animation_duration_default bt_bb_floating_element_animation_style_ease_out bt_bb_hidden_xs bt_bb_hidden_ms bt_bb_hidden_sm\" style=\"mix-blend-mode: multiply; left: 12%; margin-top: -5em;\" data-speed=\"1.0\"><div class=\"bt_bb_floating_element_html\" data-speed=\"1.0\"><span  style=\"height: 4px; width: 80px; border-radius: 3px; transform: rotate(-45deg);background-color: rgba(226, 213, 198, 1);\"><\/span><\/div><\/div><div class=\"bt_bb_floating_element bt_bb_floating_element_horizontal_position_left bt_bb_floating_element_vertical_position_top bt_bb_floating_element_animation_delay_default bt_bb_floating_element_animation_duration_default bt_bb_floating_element_animation_style_ease_out bt_bb_hidden_xs bt_bb_hidden_ms bt_bb_hidden_sm\" style=\"mix-blend-mode: multiply; left: 1%; top: 29%;\" data-speed=\"1.6\"><div class=\"bt_bb_floating_element_html\" data-speed=\"1.6\"><span  style=\"height: 4px; width: 180px; border-radius: 3px; transform: rotate(-45deg);background-color: rgba(7, 182, 205, 1);\"><\/span><\/div><\/div><header class=\"bt_bb_headline bt_bb_dash_none bt_bb_size_extralarge bt_bb_align_inherit\" data-bt-override-class=\"{&quot;bt_bb_size_&quot;:{&quot;current_class&quot;:&quot;bt_bb_size_extralarge&quot;,&quot;xxl&quot;:&quot;extralarge&quot;,&quot;xl&quot;:&quot;extralarge&quot;},&quot;bt_bb_align_&quot;:{&quot;current_class&quot;:&quot;bt_bb_align_inherit&quot;,&quot;xxl&quot;:&quot;inherit&quot;,&quot;xl&quot;:&quot;inherit&quot;}}\"><h2 class=\"bt_bb_headline_tag\"><span class=\"bt_bb_headline_content\"><span>Cookie<br \/>\r\n<b>Policy<\/b><\/span><\/span><\/h2><\/header><div class=\"bt_bb_separator bt_bb_border_style_none bt_bb_bottom_spacing_medium\" data-bt-override-class=\"null\"><\/div><div class=\"bt_bb_row_wrapper\"><div  class=\"bt_bb_row_inner bt_bb_column_inner_gap_30\"  data-bt-override-class=\"{}\"><div  class=\"bt_bb_column_inner col-xl-12 col-xs-12 col-sm-12 col-md-12 col-lg-12 bt_bb_align_left bt_bb_vertical_align_top\"  data-width=\"12\" data-bt-override-class=\"{}\"><div class=\"bt_bb_column_inner_content\"><div  class=\"bt_bb_text\" ><p><strong>Informazioni sui cookie<\/strong><\/p>\n<p><strong>\u00a0<\/strong><\/p>\n<p>Ai sensi degli artt. 6 e 7 del Regolamento Ue 2016\/679, nonch\u00e9 in base a quanto previsto dal\u00a0<strong>Provvedimento n\u00b0229 dell\u20198 maggio 2014<\/strong>\u00a0emesso dal Garante per la protezione dei dati personali, in questa pagina il Titolare del trattamento dei dati personali,<strong><em> Parbuckle Equity Partners, <\/em><\/strong>con sede legale Via Tantardini 15, 20136 Milano, Milano, fornisce agli utenti del sito web www.parbuckle.it informazioni relative ai <em>cookie<\/em>\u00a0utilizzati e\/o proposti per l\u2019archiviazione.<\/p>\n<p>La presente informativa estesa sull\u2019utilizzo dei\u00a0<em>cookie (<\/em>di seguito anche:\u00a0<em>cookie policy<\/em>) deve essere recepita avendo cura di aver letto, in un documento separato, l\u2019informativa privacy,\u00a0<em>ex<\/em> art. 12 Regolamento Ue 2016\/679, consultabile nell\u2019apposita sezione \u201cprivacy\u201d presente sul sito www.parbuckle.it\u00a0nel\u00a0<em>footer<\/em>\u00a0della\u00a0<em>home page.<\/em><\/p>\n<p>Detta\u00a0<em>cookie policy,<\/em>\u00a0inoltre, ha come finalit\u00e0 quella di descrivere gli elementi previsti dalla legge, descrivere le caratteristiche e le finalit\u00e0 dei\u00a0<em>cookie<\/em> installati dal sito web www.parbuckle.it, includere il\u00a0<em>link<\/em>\u00a0aggiornato alle informative ed ai moduli di consenso delle terze parti con le quali il Titolare ha stipulato accordi per l\u2019installazione di\u00a0<em>cookie<\/em>\u00a0tramite il proprio sito e richiamare, infine, la possibilit\u00e0 per l\u2019utente di manifestare le proprie opzioni sui\u00a0<em>cookie<\/em>\u00a0anche attraverso le impostazioni del browser utilizzato.<\/p>\n<p>Di seguito vengono all\u2019utente le informazioni utili sulle caratteristiche dei cookie utilizzati dal sito www.parbuckle.it\u00a0per permettergli di effettuare una scelta e indicare quali cookie autorizzare.<\/p>\n<p><strong>1) Cosa sono i cookie?<\/strong><\/p>\n<p>I\u00a0<em>cookie\u00a0<\/em>sono informazioni immesse sul tuo browser quando visiti un sito\u00a0<em>web\u00a0<\/em>o utilizzi un\u00a0<em>social network\u00a0<\/em>con il tuo pc,\u00a0<em>smartphone\u00a0<\/em>o\u00a0<em>tablet<\/em>.<\/p>\n<p>Ogni\u00a0<em>cookie\u00a0<\/em>contiene diversi dati come, ad esempio, .il nome del\u00a0<em>server\u00a0<\/em>da cui proviene, un identificatore numerico, ecc.<\/p>\n<p>I\u00a0<em>cookie\u00a0<\/em>possono rimanere nel sistema per la durata di una sessione (cio\u00e8 fino a che non si chiude il\u00a0<em>browser\u00a0<\/em>utilizzato per la navigazione sul\u00a0<em>web<\/em>) o per lunghi periodi e possono contenere un codice identificativo unico.<\/p>\n<p><strong>2) Che tipi di cookie esistono?<\/strong><\/p>\n<p>In base alla normativa vigente in Italia, per l\u2019utilizzo dei cookie non sempre \u00e8 richiesto un espresso consenso dell\u2019utente. In particolare, non richiedono tale consenso i cookie c.d. \u201ctecnici\u201d, usati per eseguire autenticazioni informatiche, monitoraggio di sessioni e memorizzazione di informazioni specifiche sugli utenti che accedono ad una pagina\u00a0<em>web<\/em>.<\/p>\n<p>Questi\u00a0<em>cookie<\/em>, cosiddetti\u00a0<strong>tecnici,<\/strong>\u00a0sono spesso utili, perch\u00e9 possono rendere pi\u00f9 veloce e rapida la navigazione e fruizione del\u00a0<em>web<\/em>, perch\u00e9 ad esempio intervengono a facilitare alcune procedure quando fai acquisti\u00a0<em>online<\/em>, quando ti autentichi ad aree ad accesso riservato o quando un sito\u00a0<em>web<\/em><em>\u00a0<\/em>riconosce in automatico la lingua che utilizzi di solito. Tra i cookie tecnici, che non richiedono un consenso espresso per il loro utilizzo, il Garante per la protezione dei dati personali italiano (cfr. Prov. Gen.\u00a0<a href=\"http:\/\/www.garanteprivacy.it\/web\/guest\/home\/docweb\/-\/docweb-display\/docweb\/3118884\">\u201cIndividuazione delle modalit\u00e0 semplificate per l\u2019informativa e l\u2019acquisizione del consenso per l\u2019uso dei cookie \u2013 8 maggio 2014\u201d<\/a>) ricomprende anche:<\/p>\n<ul>\n<li>i \u201ccookie analytics\u201d laddove utilizzati direttamente dal gestore del sito per raccogliere informazioni, in forma aggregata, sul numero degli utenti e su come questi visitano il sito stesso, e quindi elaborare statistiche generali sul servizio e sul suo utilizzo.<\/li>\n<li>i cookie di navigazione o di sessione (per autenticarsi, ecc.),<\/li>\n<li>i cookie di funzionalit\u00e0, che permettono all\u2019utente la navigazione in funzione di una serie di criteri selezionati (ad esempio, la lingua, i prodotti selezionati per l\u2019acquisto) al fine di migliorare il servizio reso allo stesso.<\/li>\n<\/ul>\n<p>Per altri\u00a0tipi di\u00a0<em>cookie<\/em><em>\u00a0<\/em>cc.dd. di profilazione, viceversa, \u00e8 richiesto un preventivo consenso dell\u2019utente. Questi cookie possono invece essere utilizzati per monitorare e profilare gli utenti durante la navigazione, studiare i loro movimenti e abitudini di consultazione del\u00a0<em>web<\/em><em>\u00a0<\/em>o di consumo (cosa comprano, cosa leggono, ecc.), anche allo scopo di inviare pubblicit\u00e0 di servizi mirati e personalizzati (<em>c.d. Behavioural Advertising<\/em>). Parliamo in questo caso di\u00a0<em>cookie<\/em><em>\u00a0<\/em><strong>di profilazione<\/strong>.<\/p>\n<p>Infine, pu\u00f2 accadere anche che una pagina\u00a0<em>web<\/em><em>\u00a0<\/em>contenga\u00a0<em>cookie<\/em><em>\u00a0<\/em>provenienti da altri siti e contenuti in vari elementi ospitati sulla pagina stessa, come ad esempio\u00a0<em>banner<\/em><em>\u00a0<\/em>pubblicitari, immagini, video, ecc.. Parliamo, in questi casi, dei cosiddetti\u00a0<em>cookie<\/em><em>\u00a0<\/em><strong>terze parti<\/strong>, che di solito sono utilizzati a fini di profilazione.<\/p>\n<p>Cos\u00ec i\u00a0<em>cookie<\/em><em>\u00a0<\/em>che scarichi su pc,\u00a0<em>smartphone<\/em><em>\u00a0<\/em>e\u00a0<em>tablet<\/em><em>\u00a0<\/em>possono essere letti anche da altri soggetti, diversi da quelli che gestiscono le pagine\u00a0<em>web<\/em><em>\u00a0<\/em>che visiti.<\/p>\n<p><strong>\u00a03) Cookies utilizzati da Parbuckle Equity Partners<\/strong><\/p>\n<p>Il sito di Parbuckle Equity Partners utilizza alcuni dei tipi sopra richiamati di cookie,.<\/p>\n<p>In particolare, il sito di Parbuckle Equity Partners utilizza:<\/p>\n<ul>\n<li>Cookie di navigazione o sessione, strettamente necessari per il funzionamento del sito o per consentire all\u2019utente di usufruire dei contenuti e dei servizi da questi richiesti.<\/li>\n<li>Cookie analytics, che consentono di comprendere come il sito viene utilizzato dagli utenti. Con questi cookie non vengono raccolte informazioni sull\u2019identit\u00e0 dell\u2019utente, n\u00e9 alcun dato personale. Le informazioni sono trattate in forma aggregata ed anonima.<\/li>\n<li>Cookie di funzionalit\u00e0, cio\u00e8 utilizzati per attivare specifiche funzionalit\u00e0 del sito e una serie di criteri selezionati (ad esempio, la lingua, i prodotti selezionati per l\u2019acquisto) al fine di migliorare il servizio reso.<\/li>\n<li>Cookie di profilazione, cio\u00e8 cookie volti a creare profili relativi all\u2019utente e utilizzati al fine di inviare messaggi pubblicitari in linea con le preferenze manifestate dallo stesso nell\u2019ambito della sua navigazione in rete.<\/li>\n<\/ul>\n<p>Alcuni cookie di funzionalit\u00e0, quelli analytics e quelli di profilazione sono altres\u00ec cookie di terze parti, cio\u00e8 cookie di siti o di web server diversi da quello di Parbuckle Equity Partners, utilizzati per finalit\u00e0 proprie di dette parti terze.<\/p>\n<p><strong>4) Acquisizione del consenso all\u2019archiviazione dei cookie<\/strong><\/p>\n<p>Per tenere traccia del consenso acquisito, il Titolare del sito\u00a0<em>web<\/em>\u00a0<u>si avvale di un apposito\u00a0<em>cookie<\/em>\u00a0tecnico,<\/u>\u00a0sistema non particolarmente invasivo e che non richiede a sua volta un ulteriore consenso. In presenza di tale \u201cdocumentazione\u201d, non \u00e8 necessario che l\u2019informativa breve sia riproposta alla seconda visita dell\u2019utente sul sito, ferma restando la possibilit\u00e0 per quest\u2019ultimo di negare il consenso e\/o modificare, in ogni momento e in maniera agevole, le proprie opzioni, ad esempio tramite accesso all\u2019informativa estesa, che deve essere quindi accessibile da ogni pagina del sito.<\/p>\n<p><strong>5) Conferimento dei dati<\/strong><\/p>\n<p>Fatta eccezione per i\u00a0<em>cookie<\/em>\u00a0tecnici strettamente necessari alla normale navigazione, il conferimento dei dati \u00e8 rimesso alla volont\u00e0 dell\u2019interessato che decida di navigare sul sito dopo aver preso visione dell\u2019informativa breve contenuta nell\u2019apposito\u00a0<em>banner<\/em>. L\u2019interessato pu\u00f2 quindi evitare l\u2019installazione dei\u00a0<em>cookie<\/em>\u00a0mantenendo il\u00a0<em>banner<\/em>\u00a0(astenendosi quindi dal chiuderlo selezionando il tasto \u201c<strong><em>OK\/ACCETTO<\/em><\/strong>\u201d), nonch\u00e9\u00a0attraverso le apposite funzioni disponibili sul proprio\u00a0<em>browser<\/em>. In alternativa pu\u00f2 interrompere la navigazione.<\/p>\n<p><strong>6) Come disabilitare l\u2019archiviazione dei cookie mediante le impostazioni del browser?<\/strong><\/p>\n<p>\u00c8 possibile negare il consenso generale all\u2019installazione di qualunque\u00a0<em>cookie<\/em>\u00a0sul dispositivo dell\u2019utente selezionando l\u2019impostazione appropriata del proprio\u00a0<em>browser<\/em>: la navigazione senza tracciamento delle proprie attivit\u00e0 sar\u00e0 comunque disponibile in tutte le sue funzionalit\u00e0.\u00a0Di seguito vengono forniti\u00a0<em>link<\/em>\u00a0che informano l\u2019utente su come disabilitare i\u00a0<em>cookie<\/em>\u00a0per i\u00a0<em>browser<\/em>\u00a0pi\u00f9 utilizzati:<\/p>\n<p><strong><em>Internet Explorer:\u00a0<a href=\"https:\/\/support.microsoft.com\/en-us\/help\/17442\/windows-internet-explorer-delete-manage-cookies\">https:\/\/support.microsoft.com\/en-us\/help\/17442\/windows-internet-explorer-delete-manage-cookies<\/a><\/em><\/strong><\/p>\n<p><strong><em>Google Chrome:\u00a0<a href=\"https:\/\/support.google.com\/accounts\/answer\/32050?hl=it\">https:\/\/support.google.com\/accounts\/answer\/32050?hl=it<\/a><\/em><\/strong><\/p>\n<p><strong><em>Mozilla Firefox:\u00a0<a href=\"https:\/\/support.mozilla.org\/it\/kb\/Eliminare%20i%20cookie\">https:\/\/support.mozilla.org\/it\/kb\/Eliminare%20i%20cookie<\/a><\/em><\/strong><\/p>\n<p><strong><em>Apple Safari:\u00a0<a href=\"https:\/\/support.apple.com\/kb\/ph21411?locale=it_IT\">https:\/\/support.apple.com\/kb\/ph21411?locale=it_IT<\/a><\/em><\/strong><\/p>\n<p><strong>7) Elenco cookie che il sito www.parbuckle.it\u00a0potr\u00e0 archiviare sul suo dispositivo per fornire prodotti ed erogare servizi<\/strong><\/p>\n<p>Nessuno<\/p>\n<p><strong>8) Elenco cookie di terze parti previsti per l\u2019archiviazione sul sito www.parbuckle.it<\/strong><\/p>\n<p><strong>\u00a0<\/strong><\/p>\n<table>\n<tbody>\n<tr>\n<td width=\"175\"><strong>NOME COOKIE<\/strong><\/td>\n<td width=\"161\"><strong>FORNITORE<\/strong><\/td>\n<td width=\"159\"><strong>TIPO<\/strong><\/td>\n<td width=\"161\"><strong>SCADENZA<\/strong><\/td>\n<\/tr>\n<tr>\n<td width=\"175\">player<\/td>\n<td width=\"161\">vimeo.com<\/td>\n<td width=\"159\">http<\/td>\n<td width=\"161\">1 anno<\/td>\n<\/tr>\n<tr>\n<td width=\"175\">vuid<\/td>\n<td width=\"161\">vimeo.com<\/td>\n<td width=\"159\">http<\/td>\n<td width=\"161\">2 anni<\/td>\n<\/tr>\n<tr>\n<td width=\"175\">GPS<\/td>\n<td width=\"161\">youtube.com<\/td>\n<td width=\"159\">http<\/td>\n<td width=\"161\">Sessione<\/td>\n<\/tr>\n<tr>\n<td width=\"175\">PREF<\/td>\n<td width=\"161\">youtube.com<\/td>\n<td width=\"159\">http<\/td>\n<td width=\"161\">8 mesi<\/td>\n<\/tr>\n<tr>\n<td width=\"175\">sync_captions<\/td>\n<td width=\"161\">vimeo.com<\/td>\n<td width=\"159\">html<\/td>\n<td width=\"161\">Persistent<\/td>\n<\/tr>\n<tr>\n<td width=\"175\">VISITOR_INFO1_LIVE<\/td>\n<td width=\"161\">youtube.com<\/td>\n<td width=\"159\">http<\/td>\n<td width=\"161\">179 giorni<\/td>\n<\/tr>\n<tr>\n<td width=\"175\">YSC<\/td>\n<td width=\"161\">youtube.com<\/td>\n<td width=\"159\">http<\/td>\n<td width=\"161\">Session<\/td>\n<\/tr>\n<tr>\n<td width=\"175\">yt-remote-cast-installed<\/td>\n<td width=\"161\">youtube.com<\/td>\n<td width=\"159\">html<\/td>\n<td width=\"161\">Session<\/td>\n<\/tr>\n<tr>\n<td width=\"175\">yt-remote-connected-devices<\/td>\n<td width=\"161\">youtube.com<\/td>\n<td width=\"159\">html<\/td>\n<td width=\"161\">Persistent<\/td>\n<\/tr>\n<tr>\n<td width=\"175\">yt-remote-device-id<\/td>\n<td width=\"161\">youtube.com<\/td>\n<td width=\"159\">html<\/td>\n<td width=\"161\">Persistent<\/td>\n<\/tr>\n<tr>\n<td width=\"175\">yt-remote-fast-check-period<\/td>\n<td width=\"161\">youtube.com<\/td>\n<td width=\"159\">html<\/td>\n<td width=\"161\">Session<\/td>\n<\/tr>\n<tr>\n<td width=\"175\">yt-remote-session-app<\/td>\n<td width=\"161\">youtube.com<\/td>\n<td width=\"159\">html<\/td>\n<td width=\"161\">Session<\/td>\n<\/tr>\n<tr>\n<td width=\"175\">yt-remote-session-name<\/td>\n<td width=\"161\">youtube.com<\/td>\n<td width=\"159\">html<\/td>\n<td width=\"161\">Session<\/td>\n<\/tr>\n<tr>\n<td width=\"175\">yt.innertube::nextId<\/td>\n<td width=\"161\">youtube.com<\/td>\n<td width=\"159\">html<\/td>\n<td width=\"161\">Persistent<\/td>\n<\/tr>\n<tr>\n<td width=\"175\">yt.innertube::requests<\/td>\n<td width=\"161\">youtube.com<\/td>\n<td width=\"159\">html<\/td>\n<td width=\"161\">Persisent<\/td>\n<\/tr>\n<\/tbody>\n<\/table>\n<\/div><div class=\"bt_bb_separator bt_bb_border_style_none bt_bb_bottom_spacing_large bt_bb_hidden_md bt_bb_hidden_lg\" data-bt-override-class=\"null\"><\/div><\/div><\/div><\/div><\/div><\/div><\/div><\/div><\/div><\/div><!-- cell_inner --><\/div><!-- cell --><\/div><!-- port --><\/section>","protected":false},"excerpt":{"rendered":"<p>Completely synergize resource taxing relationships via premier niche markets. Professionally cultivate one-to-one customer service with robust ideas. Dynamically innovate resource-leveling customer service for state of the art customer service.<\/p>\n","protected":false},"author":1,"featured_media":0,"parent":0,"menu_order":0,"comment_status":"closed","ping_status":"closed","template":"","meta":{"footnotes":""},"class_list":["post-3202","page","type-page","status-publish","hentry"],"_links":{"self":[{"href":"https:\/\/parbuckle.it\/it\/wp-json\/wp\/v2\/pages\/3202","targetHints":{"allow":["GET"]}}],"collection":[{"href":"https:\/\/parbuckle.it\/it\/wp-json\/wp\/v2\/pages"}],"about":[{"href":"https:\/\/parbuckle.it\/it\/wp-json\/wp\/v2\/types\/page"}],"author":[{"embeddable":true,"href":"https:\/\/parbuckle.it\/it\/wp-json\/wp\/v2\/users\/1"}],"replies":[{"embeddable":true,"href":"https:\/\/parbuckle.it\/it\/wp-json\/wp\/v2\/comments?post=3202"}],"version-history":[{"count":3,"href":"https:\/\/parbuckle.it\/it\/wp-json\/wp\/v2\/pages\/3202\/revisions"}],"predecessor-version":[{"id":3430,"href":"https:\/\/parbuckle.it\/it\/wp-json\/wp\/v2\/pages\/3202\/revisions\/3430"}],"wp:attachment":[{"href":"https:\/\/parbuckle.it\/it\/wp-json\/wp\/v2\/media?parent=3202"}],"curies":[{"name":"wp","href":"https:\/\/api.w.org\/{rel}","templated":true}]}}