{"id":3191,"date":"2021-06-09T10:49:39","date_gmt":"2021-06-09T10:49:39","guid":{"rendered":"https:\/\/parbuckle.it\/?page_id=3191"},"modified":"2022-03-05T09:57:24","modified_gmt":"2022-03-05T09:57:24","slug":"privacy-policy","status":"publish","type":"page","link":"https:\/\/parbuckle.it\/it\/privacy-policy\/","title":{"rendered":"Privacy Policy"},"content":{"rendered":"<section id=\"bt_bb_section69dfe1feb70fe\" class=\"bt_bb_section bt_bb_layout_boxed_1200 bt_bb_vertical_align_top bt_bb_top_spacing_large bt_bb_section_show_left_boxed_content\"  data-bt-override-class=\"null\"><div class=\"bt_bb_port\"><div class=\"bt_bb_cell\"><div class=\"bt_bb_cell_inner\"><div class=\"bt_bb_row_wrapper\"><div  class=\"bt_bb_row\"  data-bt-override-class=\"{}\"><div  class=\"bt_bb_column col-xl-12 col-xs-12 col-sm-12 col-md-12 col-lg-12 bt_bb_align_left bt_bb_vertical_align_middle bt_bb_animation_fade_in animate bt_bb_padding_double bt_bb_animation_fade_in animate\"  data-width=\"12\" data-bt-override-class=\"{}\"><div class=\"bt_bb_column_content\"><div class=\"bt_bb_floating_element bt_bb_floating_element_horizontal_position_left bt_bb_floating_element_vertical_position_top bt_bb_floating_element_animation_delay_default bt_bb_floating_element_animation_duration_default bt_bb_floating_element_animation_style_ease_out bt_bb_hidden_xs bt_bb_hidden_ms bt_bb_hidden_sm\" style=\"mix-blend-mode: multiply; left: 12%; margin-top: -5em;\" data-speed=\"1.0\"><div class=\"bt_bb_floating_element_html\" data-speed=\"1.0\"><span  style=\"height: 4px; width: 80px; border-radius: 3px; transform: rotate(-45deg);background-color: rgba(226, 213, 198, 1);\"><\/span><\/div><\/div><div class=\"bt_bb_floating_element bt_bb_floating_element_horizontal_position_left bt_bb_floating_element_vertical_position_top bt_bb_floating_element_animation_delay_default bt_bb_floating_element_animation_duration_default bt_bb_floating_element_animation_style_ease_out bt_bb_hidden_xs bt_bb_hidden_ms bt_bb_hidden_sm\" style=\"mix-blend-mode: multiply; left: 1%; top: 29%;\" data-speed=\"1.6\"><div class=\"bt_bb_floating_element_html\" data-speed=\"1.6\"><span  style=\"height: 4px; width: 180px; border-radius: 3px; transform: rotate(-45deg);background-color: rgba(7, 182, 205, 1);\"><\/span><\/div><\/div><header class=\"bt_bb_headline bt_bb_dash_none bt_bb_size_extralarge bt_bb_align_inherit\" data-bt-override-class=\"{&quot;bt_bb_size_&quot;:{&quot;current_class&quot;:&quot;bt_bb_size_extralarge&quot;,&quot;xxl&quot;:&quot;extralarge&quot;,&quot;xl&quot;:&quot;extralarge&quot;},&quot;bt_bb_align_&quot;:{&quot;current_class&quot;:&quot;bt_bb_align_inherit&quot;,&quot;xxl&quot;:&quot;inherit&quot;,&quot;xl&quot;:&quot;inherit&quot;}}\"><h2 class=\"bt_bb_headline_tag\"><span class=\"bt_bb_headline_content\"><span>Privacy<br \/>\r\n<b>Policy<\/b><\/span><\/span><\/h2><\/header><div class=\"bt_bb_separator bt_bb_border_style_none bt_bb_bottom_spacing_medium\" data-bt-override-class=\"null\"><\/div><div class=\"bt_bb_row_wrapper\"><div  class=\"bt_bb_row_inner bt_bb_column_inner_gap_30\"  data-bt-override-class=\"{}\"><div  class=\"bt_bb_column_inner col-xl-12 col-xs-12 col-sm-12 col-md-12 col-lg-12 bt_bb_align_left bt_bb_vertical_align_top\"  data-width=\"12\" data-bt-override-class=\"{}\"><div class=\"bt_bb_column_inner_content\"><div  class=\"bt_bb_text\" ><p>Gentile utente,<\/p>\n<p>ti informiamo che, per l\u2019esecuzione dei rapporti con i propri utenti, Parbuckle Equity Partners raccoglie i dati a questi riferiti, acquisiti attraverso il sito www.parbuckle.it o anche verbalmente, direttamente o tramite terzi, qualificati come \u201cdati personali\u201d dal Regolamento UE 2016\/679. Tale normativa prevede che chi tratta dati personali \u00e8 tenuto ad informare l\u2019interessato su quali sono i dati che vengono trattati e su taluni elementi qualificanti il trattamento, che deve sempre avvenire con correttezza liceit\u00e0 e trasparenza, tutelando la tua riservatezza ed i tuoi diritti. Pertanto, in conformit\u00e0 al Regolamento UE 2016\/679, ti forniamo le seguenti informazioni.<\/p>\n<p><strong>Natura dei dati trattati<\/strong>\u00a0\u2013 Se ci scrivi come nostro utente, tratteremo i tuoi dati anagrafici necessari per lo svolgimento dei rapporti tra te e la nostra Societ\u00e0. Generalmente, non trattiamo alcun dato particolare o giudiziario ma nel caso si rendesse necessario trattare tali tipologie di dati richiederemo preventivamente il tuo consenso.<\/p>\n<p><strong>Finalit\u00e0 del trattamento<\/strong>\u00a0\u2013 In caso di tua richiesta come utente, i tuoi dati personali verranno trattati sempre con il tuo consenso per rispondere alle tue richieste. I tuoi dati saranno trattati per tutta la durata dell\u2019esecuzione della tua richiesta ed anche successivamente nei termini concordati, per l\u2019espletamento di obblighi di legge e per finalit\u00e0 amministrative o per i servizi cui hai prestato inequivocabile consenso (per esempio, per invio di newsletter).<\/p>\n<p><strong>Modalit\u00e0 del trattamento<\/strong>\u00a0\u2013 Il trattamento dei tuoi dati avviene mediante l\u2019utilizzo di strumenti e procedure idonei a garantirne la sicurezza e la riservatezza e pu\u00f2 essere effettuato sia tramite il nostro sito web che attraverso altri strumenti elettronici nonch\u00e8 con l\u2019ausilio di supporti cartacei.<\/p>\n<p><strong>Dati di navigazione<\/strong> \u2013 Log files: i sistemi informatici e gli applicativi dedicati al funzionamento del sito web www.parbuckle.it rilevano, nel corso del loro normale funzionamento, alcuni dati (la cui trasmissione \u00e8 implicita nell\u2019uso dei protocolli di comunicazione di Internet) non associati a utenti direttamente identificabili. Tra i dati raccolti sono compresi gli indirizzi IP e i nomi di dominio dei computer utilizzati dagli utenti che si connettono al sito, gli indirizzi in notazione URI (Uniform Resource Identifier) delle risorse richieste, l\u2019orario della richiesta, il metodo utilizzato nel sottoporre la richiesta al server, la dimensione del file ottenuto in risposta, il codice numerico indicante lo stato della risposta data dal server (buon fine, errore, ecc.) ed altri parametri riguardanti il sistema operativo e l\u2019ambiente informatico utilizzato dall\u2019Utente. Questi dati vengono trattati, per il tempo strettamente necessario, al solo fine di ricavare informazioni statistiche anonime sull\u2019uso del sito e per controllarne il regolare funzionamento.<\/p>\n<p><strong>Dati forniti volontariamente dall\u2019utente<\/strong> \u2013 ll tuo eventuale invio volontario ed esplicito di posta elettronica agli indirizzi indicati nei differenti canali di accesso del sito www.parbuckle.it\u00a0e la compilazione dei \u201cform\u201d specificamente predisposti comportano la nostra successiva acquisizione del tuo indirizzo email e altri tuoi dati, necessari per rispondere alle tue richieste e\/o erogare il servizio che ci richiedi. Specifiche informative di sintesi possono essere riportate o visualizzate nelle pagine del sito predisposte per particolari servizi a richiesta.<\/p>\n<p><strong>Cookies<\/strong> \u2013 Sul sito www.parbuckle.it\u00a0non sono utilizzate in alcun modo tecniche informatiche per l\u2019acquisizione diretta di dati personali identificativi dell\u2019utente o sistemi di profilazione dell\u2019utente. I c.d. cookies tecnici di sessione, una volta terminata la connessione al sito non vengono conservati. I nostri sistemi informatici utilizzano: cookies per la trasmissione di informazioni di carattere personale, e nessun tipo di cookies persistenti.<\/p>\n<p><strong>Obbligo o facolt\u00e0 di conferire i dati e conseguenze dell\u2019eventuale rifiuto<\/strong>\u00a0\u2013 Per quanto concerne i dati che siamo obbligati a conoscere, al fine di adempiere agli obblighi previsti da leggi, da regolamenti dell\u2019UE e dalla normativa nazionale, ovvero da disposizioni impartite da Autorit\u00e0 a ci\u00f2 legittimate dalla legge e da organi di vigilanza e controllo, il loro mancato conferimento da parte tua comporter\u00e0 l\u2019impossibilit\u00e0 di instaurare o proseguire il rapporto, nei limiti in cui tali dati sono necessari all\u2019esecuzione dello stesso. Per quanto riguarda i dati che non siamo obbligati a conoscere, il loro mancato ottenimento sar\u00e0 da noi valutato di volta in volta, e determiner\u00e0 le conseguenti decisioni rapportate all\u2019importanza per noi dei dati richiesti ma da te non forniti.<\/p>\n<p><strong>Comunicazione e diffusione<\/strong>\u00a0\u2013 I dati che raccogliamo dai nostri iscritti non vengono da noi \u201cdiffusi\u201d, con tale termine intendendosi il darne conoscenza a soggetti indeterminati in qualunque modo, anche mediante la loro messa a disposizione o consultazione.<\/p>\n<p>I tuoi dati personali potranno invece essere da noi \u201ccomunicati\u201d, con tale termine intendendosi il darne conoscenza ad uno o pi\u00f9 soggetti determinati, nei seguenti termini:<\/p>\n<ul>\n<li>a soggetti autorizzati all\u2019interno della nostra struttura di trattare i dati;<\/li>\n<li>a soggetti che possono accedere ai dati in forza di disposizione di legge, o di normativa comunitaria, nei limiti previsti dalla legge;<\/li>\n<li>a soggetti che hanno necessit\u00e0 di accedere ai dati per finalit\u00e0 ausiliarie al rapporto intercorrente, nei limiti strettamente necessari per svolgere i compiti ausiliari loro affidati;<\/li>\n<li>a nostri consulenti, nei limiti necessari per svolgere il loro incarico, previa nostra lettera di incarico che imponga il dovere di riservatezza e sicurezza nel trattamento dei dati;<\/li>\n<li>ad altri soggetti esterni nella loro qualit\u00e0 di docenti e partners nelle attivit\u00e0 istituzionali relative a corsi, meeting, congressi, ed ogni altro evento al quale tu richieda di partecipare attraverso il sito.<\/li>\n<\/ul>\n<p><strong>I diritti dell\u2019interessato<\/strong>\u00a0\u2013 In qualit\u00e0 di interessato puoi esercitare nei nostri confronti i tuoi seguenti diritti:<\/p>\n<ol>\n<li>a) ottenere la conferma dell\u2019esistenza di dati personali che ti riguardano, anche se non ancora registrati, e la comunicazione in forma intelligibile dei medesimi dati e della loro origine nonch\u00e9 delle finalit\u00e0 e delle modalit\u00e0 del trattamento e della logica applicata in caso di trattamento effettuato con strumenti elettronici;<\/li>\n<li>b) ottenere la cancellazione, la trasformazione in forma anonima o il blocco dei dati di cui non \u00e8 necessaria la conservazione in relazione agli scopi per i quali i dati sono stati raccolti e trattati;<\/li>\n<li>c) ottenere l\u2019aggiornamento, la rettificazione e l\u2019integrazione dei propri dati;<\/li>\n<li>d) opporti, in tutto o in parte, per motivi legittimi, al trattamento dei dati che ti riguardano, ancorch\u00e9 pertinenti allo scopo della raccolta.<\/li>\n<\/ol>\n<p>Ti ricordiamo inoltre, che in ogni caso sei sempre legittimato a proporre un reclamo presso l\u2019Autorit\u00e0 di controllo italiana, ovvero il Garante per la protezione dei dati personali.<\/p>\n<p><strong>Titolare del Trattamento e Responsabile della Protezione dei Dati<\/strong> \u2013 Il Titolare del trattamento dei tuoi dati personali \u00e8 Parbuckle Equity Partners con sede in Via Borgogna, 5 \u2013 20122 Milano.<\/p>\n<p>Per esercitare i tuoi diritti puoi rivolgerti in ogni momento al Titolare del trattamento via email all\u2019indirizzo privacy@parbuckle.it o via telefono al n. +39 02 3673 5700.<\/p>\n<\/div><div class=\"bt_bb_separator bt_bb_border_style_none bt_bb_bottom_spacing_large bt_bb_hidden_md bt_bb_hidden_lg\" data-bt-override-class=\"null\"><\/div><\/div><\/div><\/div><\/div><\/div><\/div><\/div><\/div><\/div><!-- cell_inner --><\/div><!-- cell --><\/div><!-- port --><\/section>","protected":false},"excerpt":{"rendered":"<p>Completely synergize resource taxing relationships via premier niche markets. Professionally cultivate one-to-one customer service with robust ideas. Dynamically innovate resource-leveling customer service for state of the art customer service.<\/p>\n","protected":false},"author":1,"featured_media":0,"parent":0,"menu_order":0,"comment_status":"closed","ping_status":"closed","template":"","meta":{"footnotes":""},"class_list":["post-3191","page","type-page","status-publish","hentry"],"_links":{"self":[{"href":"https:\/\/parbuckle.it\/it\/wp-json\/wp\/v2\/pages\/3191","targetHints":{"allow":["GET"]}}],"collection":[{"href":"https:\/\/parbuckle.it\/it\/wp-json\/wp\/v2\/pages"}],"about":[{"href":"https:\/\/parbuckle.it\/it\/wp-json\/wp\/v2\/types\/page"}],"author":[{"embeddable":true,"href":"https:\/\/parbuckle.it\/it\/wp-json\/wp\/v2\/users\/1"}],"replies":[{"embeddable":true,"href":"https:\/\/parbuckle.it\/it\/wp-json\/wp\/v2\/comments?post=3191"}],"version-history":[{"count":2,"href":"https:\/\/parbuckle.it\/it\/wp-json\/wp\/v2\/pages\/3191\/revisions"}],"predecessor-version":[{"id":3199,"href":"https:\/\/parbuckle.it\/it\/wp-json\/wp\/v2\/pages\/3191\/revisions\/3199"}],"wp:attachment":[{"href":"https:\/\/parbuckle.it\/it\/wp-json\/wp\/v2\/media?parent=3191"}],"curies":[{"name":"wp","href":"https:\/\/api.w.org\/{rel}","templated":true}]}}